{"id":57,"date":"2025-08-14T14:02:09","date_gmt":"2025-08-14T12:02:09","guid":{"rendered":"https:\/\/stowarzyszenie-memoria.pl\/?page_id=57"},"modified":"2025-08-14T14:02:09","modified_gmt":"2025-08-14T12:02:09","slug":"o-nas","status":"publish","type":"page","link":"https:\/\/stowarzyszenie-memoria.pl\/?page_id=57","title":{"rendered":"O nas"},"content":{"rendered":"\n<h3 class=\"wp-block-heading\">Misja i dzia\u0142alno\u015b\u0107<\/h3>\n\n\n\n<p><bdo lang=\"pl\" dir=\"ltr\"><strong>Stowarzyszenie Historyczno-Filmowe \u201eMemoria\u201d<\/strong> to organizacja zrzeszaj\u0105ca pasjonat\u00f3w historii i filmu, kt\u00f3rej misj\u0105 jest o\u017cywianie przesz\u0142o\u015bci. Poprzez produkcj\u0119 film\u00f3w, rekonstrukcje historyczne oraz projekty edukacyjne, d\u0105\u017cymy do tego, by pami\u0119\u0107 o wa\u017cnych wydarzeniach i bohaterach nie zagin\u0119\u0142a. Wierzymy, \u017ce film jest pot\u0119\u017cnym narz\u0119dziem, kt\u00f3re pozwala nam w spos\u00f3b emocjonalny i przyst\u0119pny dotrze\u0107 do szerokiej publiczno\u015bci, szczeg\u00f3lnie do m\u0142odego pokolenia.<\/bdo><\/p>\n\n\n\n<hr class=\"wp-block-separator has-alpha-channel-opacity\"\/>\n\n\n\n<h3 class=\"wp-block-heading\">Projekty<\/h3>\n\n\n\n<p><bdo lang=\"pl\" dir=\"ltr\">Nasza dzia\u0142alno\u015b\u0107 koncentruje si\u0119 na tworzeniu unikalnych projekt\u00f3w filmowych. Wsp\u00f3\u0142pracujemy z nauczycielami, ekspertami, historykami i rekonstruktorami, aby ka\u017cdy nasz film by\u0142 nie tylko artystycznie warto\u015bciowy, ale tak\u017ce wierny faktom historycznym. Nasze filmy s\u0105 jednak fabularyzowane, nie s\u0105 to projekty dokumentalne (cho\u0107 kto wie, mo\u017ce i filmy dokumentalne b\u0119dziemy tworzy\u0107?) Na stronie znajdziesz informacje o naszych dotychczasowych produkcjach, zapowiedzi nowych film\u00f3w oraz relacje z plan\u00f3w zdj\u0119ciowych, oraz tego gdzie mo\u017cesz nas spotka\u0107. Zobacz, jak powstaj\u0105 nasze opowie\u015bci!<\/bdo><\/p>\n\n\n\n<hr class=\"wp-block-separator has-alpha-channel-opacity\"\/>\n\n\n\n<h3 class=\"wp-block-heading\">Do\u0142\u0105cz do nas<\/h3>\n\n\n\n<p><bdo lang=\"pl\" dir=\"ltr\">Je\u015bli podzielasz nasz\u0105 pasj\u0119, do\u0142\u0105cz do spo\u0142eczno\u015bci \u201eMemoria\u201d. Niezale\u017cnie od tego, czy jeste\u015b filmowcem, historykiem, rekonstruktorem, czy po prostu entuzjast\u0105, Twoja pomoc jest dla nas cenna. Zosta\u0144 wolontariuszem, wesprzyj nas finansowo lub po prostu \u015bled\u017a nasze media spo\u0142eczno\u015bciowe. Wsp\u00f3lnie mo\u017cemy tworzy\u0107 histori\u0119, kt\u00f3ra porusza i inspiruje.<\/bdo><\/p>\n\n\n\n<p><\/p>\n","protected":false},"excerpt":{"rendered":"<p>Misja i dzia\u0142alno\u015b\u0107 Stowarzyszenie Historyczno-Filmowe \u201eMemoria\u201d to organizacja zrzeszaj\u0105ca pasjonat\u00f3w historii i filmu, kt\u00f3rej misj\u0105 jest o\u017cywianie przesz\u0142o\u015bci. Poprzez produkcj\u0119 film\u00f3w, rekonstrukcje historyczne oraz projekty edukacyjne, d\u0105\u017cymy do tego, by pami\u0119\u0107 o wa\u017cnych wydarzeniach i bohaterach nie zagin\u0119\u0142a. Wierzymy, \u017ce film jest pot\u0119\u017cnym narz\u0119dziem, kt\u00f3re pozwala nam w spos\u00f3b emocjonalny i przyst\u0119pny dotrze\u0107 do szerokiej [&hellip;]<\/p>\n","protected":false},"author":1,"featured_media":15,"parent":0,"menu_order":0,"comment_status":"closed","ping_status":"closed","template":"","meta":{"footnotes":""},"class_list":["post-57","page","type-page","status-publish","has-post-thumbnail","hentry"],"_links":{"self":[{"href":"https:\/\/stowarzyszenie-memoria.pl\/index.php?rest_route=\/wp\/v2\/pages\/57","targetHints":{"allow":["GET"]}}],"collection":[{"href":"https:\/\/stowarzyszenie-memoria.pl\/index.php?rest_route=\/wp\/v2\/pages"}],"about":[{"href":"https:\/\/stowarzyszenie-memoria.pl\/index.php?rest_route=\/wp\/v2\/types\/page"}],"author":[{"embeddable":true,"href":"https:\/\/stowarzyszenie-memoria.pl\/index.php?rest_route=\/wp\/v2\/users\/1"}],"replies":[{"embeddable":true,"href":"https:\/\/stowarzyszenie-memoria.pl\/index.php?rest_route=%2Fwp%2Fv2%2Fcomments&post=57"}],"version-history":[{"count":1,"href":"https:\/\/stowarzyszenie-memoria.pl\/index.php?rest_route=\/wp\/v2\/pages\/57\/revisions"}],"predecessor-version":[{"id":58,"href":"https:\/\/stowarzyszenie-memoria.pl\/index.php?rest_route=\/wp\/v2\/pages\/57\/revisions\/58"}],"wp:featuredmedia":[{"embeddable":true,"href":"https:\/\/stowarzyszenie-memoria.pl\/index.php?rest_route=\/wp\/v2\/media\/15"}],"wp:attachment":[{"href":"https:\/\/stowarzyszenie-memoria.pl\/index.php?rest_route=%2Fwp%2Fv2%2Fmedia&parent=57"}],"curies":[{"name":"wp","href":"https:\/\/api.w.org\/{rel}","templated":true}]}}